{"id":1693,"date":"2020-11-07T06:49:44","date_gmt":"2020-11-07T05:49:44","guid":{"rendered":"https:\/\/caputovis.nl\/museum\/product\/molen-aan-het-water\/"},"modified":"2024-12-08T16:46:34","modified_gmt":"2024-12-08T15:46:34","slug":"molen-aan-het-water","status":"publish","type":"product","link":"https:\/\/www.caputovis.nl\/museum\/object\/molen-aan-het-water\/","title":{"rendered":"Molen aan het water"},"content":{"rendered":"<table width=\"512\">\n<tbody>\n<tr>\n<td width=\"512\">\n<pre><span style=\"color: #ff0000\">Bij aankoop van dit werk zijn onze standaard verzendkosten NIET van toepassing. Zowel afhalen op afspraak als bezorgen op basis van kilometerprijs \u00e1 \u20ac 0,25 ( vooraf te voldoen) zijn mogelijk.<\/span><\/pre>\n<\/td>\n<\/tr>\n<\/tbody>\n<\/table>\n<p><span style=\"color: #ff6600\">De Haagsche School is wellicht de belangrijkste negentiende-eeuwse kunststroming in Nederland. Jozef Isra\u00ebls, Jacob Maris, Hendrik Willem Mesdag en Anton Mauve worden ertoe gerekend. Zij kozen vooral vooral typisch Hollandse onderwerpen zoals molens. Maar ook voor vissers op het strand, woeste zee\u00ebn, schapenkudden en koeien in weilanden. Hier een (jong?) werk van \u00e9\u00e9n van internationaal meest bekende &#8216;Haagse Schilders&#8217; Jacob Maris. Aan deze voorstelling van een molen in het landschap heeft Maris waarschijnlijk meerdere dagen (weken?) gewerkt, want de de molenstand en de gesuggereerde windrichting (zie de knotwilgen) staan haaks op die van het riet terwijl de lichtinval op de molen en het riet weer wel synchroniseren. Een beginnersfout? Ook deze &#8216;fout&#8217; wijst op een jeugdwerk van Jaco<\/span>b Maris.<\/p>\n","protected":false},"excerpt":{"rendered":"<p>Bij aankoop van dit werk zijn onze standaard verzendkosten NIET van toepassing. Zowel afhalen op afspraak als bezorgen op basis van kilometerprijs \u00e1 \u20ac 0,25 ( vooraf te voldoen) zijn mogelijk. De Haagsche School is wellicht de belangrijkste negentiende-eeuwse kunststroming in Nederland. Jozef Isra\u00ebls, Jacob Maris, Hendrik Willem Mesdag en Anton Mauve worden ertoe gerekend.&hellip;&nbsp;<a href=\"https:\/\/www.caputovis.nl\/museum\/object\/molen-aan-het-water\/\" class=\"\" rel=\"bookmark\">Lees verder &raquo;<span class=\"screen-reader-text\">Molen aan het water<\/span><\/a><\/p>\n","protected":false},"featured_media":1692,"template":"","meta":{"neve_meta_sidebar":"","neve_meta_container":"","neve_meta_enable_content_width":"off","neve_meta_content_width":0,"neve_meta_title_alignment":"","neve_meta_author_avatar":"","neve_post_elements_order":"","neve_meta_disable_header":"","neve_meta_disable_footer":"","neve_meta_disable_title":"","_ti_tpc_template_sync":false,"_ti_tpc_template_id":""},"brands":[{"id":1278,"name":"Maris, Jacob","slug":"maris-jacob"}],"_links":{"self":[{"href":"https:\/\/www.caputovis.nl\/museum\/wp-json\/wp\/v2\/product\/1693"}],"collection":[{"href":"https:\/\/www.caputovis.nl\/museum\/wp-json\/wp\/v2\/product"}],"about":[{"href":"https:\/\/www.caputovis.nl\/museum\/wp-json\/wp\/v2\/types\/product"}],"wp:featuredmedia":[{"embeddable":true,"href":"https:\/\/www.caputovis.nl\/museum\/wp-json\/wp\/v2\/media\/1692"}],"wp:attachment":[{"href":"https:\/\/www.caputovis.nl\/museum\/wp-json\/wp\/v2\/media?parent=1693"}],"curies":[{"name":"wp","href":"https:\/\/api.w.org\/{rel}","templated":true}]}}